{"id":9307,"date":"2026-04-12T11:04:47","date_gmt":"2026-04-12T09:04:47","guid":{"rendered":"https:\/\/www.abiprofessional.it\/?page_id=9307"},"modified":"2026-04-12T11:05:23","modified_gmt":"2026-04-12T09:05:23","slug":"brazilcafe-espresso-revolution-il-caff-da-bere","status":"publish","type":"page","link":"https:\/\/www.abiprofessional.it\/index.php\/brazilcafe-espresso-revolution-il-caff-da-bere\/","title":{"rendered":"BRAZILCAFE\u2019 ESPRESSO REVOLUTION -IL CAFFE&#8217; DA BERE-"},"content":{"rendered":"<h2><a href=\"https:\/\/www.abiprofessional.it\/wp-content\/uploads\/2026\/04\/Regolamento-Espresso-Rev-Brazilcafe\u0300.pdf\">scarica il pdf<\/a><\/h2>\n\n<ol>\n<li><strong>FINALITA\u2019 DELLA COMPETIZIONE<\/strong><\/li>\n<\/ol>\n<p>La competizione \u201cBrazilcaf\u00e8 Espresso Revolution \u2013 Il caff\u00e8 da bere\u201d nasce con l\u2019obiettivo di valorizzare il caff\u00e8 espresso come ingrediente nobile e centrale nella moderna coffee mixology.<\/p>\n<p>La gara intende premiare:<\/p>\n<ul>\n<li>Creativit\u00e0 e originalit\u00e0<\/li>\n<li>Equilibrio gustativo<\/li>\n<li>Tecnica di miscelazione<\/li>\n<li>Presentazione e storytelling<\/li>\n<li>Valorizzazione del caff\u00e8 BrazilCaf\u00e8<\/li>\n<\/ul>\n<ol start=\"2\">\n<li>FORMAT DI GARA SELEZIONI REGIONALI e NAZIONALE<\/li>\n<\/ol>\n<p>Per le selezioni regionali, ogni concorrente dovr\u00e0 realizzare: n. 2 drink identici. A scelta tra:<\/p>\n<ul>\n<li>\u2615 Hot Coffee Drink<\/li>\n<li>\ud83e\uddca Cold Coffee<\/li>\n<\/ul>\n<p>Drink La tipologia (caldo o freddo) sar\u00e0 stabilita preventivamente dal Consiglio ABI: FREDDO durante le gare regionali\/interregionali; A SCELTA DEL CONCORRENTE durante il nazionale. Una volta dichiarata la scelta, non potr\u00e0 essere modificata.<\/p>\n<p><strong>FINALE NAZIONALE \u2013 PROVA AGGIUNTIVA: BLIND TEST <\/strong><\/p>\n<p>Durante la Finale Nazionale del concorso Brazilcaf\u00e8 Espresso Revolution \u2013 Il caff\u00e8 da bere, oltre alla prova prevista per le selezioni regionali (realizzazione di n. 2 drink identici, hot o cold, secondo regolamento), verr\u00e0 introdotta una prova tecnica aggiuntiva: Blind Test Espresso<\/p>\n<p>Ogni finalista sar\u00e0 sottoposto a una degustazione alla cieca di: \u2022 n. 2 espressi Brazilcaf\u00e8<\/p>\n<p>Tra i due espressi proposti: \u2022 uno sar\u00e0 estratto correttamente secondo gli standard tecnici del Brand; \u2022 uno presenter\u00e0 volutamente un\u2019estrazione non conforme (parametri alterati). Il concorrente dovr\u00e0 identificare quale dei due espressi sia stato estratto correttamente.<\/p>\n<p><strong>Assegnazione punteggio Blind Test<\/strong><\/p>\n<ul>\n<li>\u2705 Risposta corretta: <strong>10 punti <\/strong><\/li>\n<li>\u274c Risposta errata: <strong>0 punti<\/strong><\/li>\n<\/ul>\n<p>Il punteggio ottenuto nel Blind Test verr\u00e0 sommato al punteggio totale della prova di miscelazione.<\/p>\n<p><strong>Finalit\u00e0 della prova<\/strong><\/p>\n<p>\u00a0Il Blind Test ha lo scopo di:<\/p>\n<ul>\n<li>Valutare la conoscenza tecnica del caff\u00e8 espresso<\/li>\n<li>Verificare la capacit\u00e0 sensoriale del concorrente<\/li>\n<li>Rafforzare la cultura del prodotto Brazilcaf\u00e8<\/li>\n<li>Integrare competenza tecnica e creativit\u00e0 nella valutazione finale.<\/li>\n<\/ul>\n<p><strong>TEMPI DI GARA <\/strong><\/p>\n<p>Il <strong>tempo totale<\/strong> a disposizione di ciascun concorrente \u00e8 di <strong>15 minuti,<\/strong> cos\u00ec suddivisi:<\/p>\n<ul>\n<li>3 min \u2013 setup e cleanup<\/li>\n<li>10 min \u2013 preparazione effettiva dei 2 drink<\/li>\n<li>2 min \u2013 storytelling e presentazione del drink alla giuria<\/li>\n<\/ul>\n<p>Il tempo massimo complessivo indicativo \u00e8 di 15 minuti, ma <strong>ai fini delle penalit\u00e0 far\u00e0 fede esclusivamente il tempo di preparazione tecnica dei drink (10 minuti).<\/strong><\/p>\n<p>Il mancato rispetto delle tempistiche comporter\u00e0 penalit\u00e0 secondo il regolamento tecnico di ABI Professional.<\/p>\n<p>\u00a0<\/p>\n<ol start=\"4\">\n<li><strong> INGREDIENTI E INGREDIENTE OBBLIGATORIO <\/strong><\/li>\n<\/ol>\n<p>La ricetta dovr\u00e0 essere composta da un massimo di 6 ingredienti liquidi, comprese le gocce e 1 ingrediente solido (esempio: crusta, ciliegina e frutta o altri ingredienti all\u2019interno del drink, aria, velluto o spuma al di sopra).<\/p>\n<p>La <strong>decorazione<\/strong> dovr\u00e0 essere proporzionata al drink e composta da elementi commestibili a carico del concorrente. NON sono ammesse decorazioni \u201con side\u201d. La decorazione \u00e8 intesa unicamente vestita sul drink. Il concorrente dovr\u00e0 preparare 2 drink, entrambi decorati.<\/p>\n<p><strong>\u00c8 obbligatorio l\u2019utilizzo del caff\u00e8 espresso fornito da Brazilcaf\u00e8. <\/strong><\/p>\n<p>Ogni drink dovr\u00e0 contenere:<\/p>\n<ul>\n<li><strong>MINIMO 1 espresso Brazilcaf\u00e8 (25 ml) per ciascun drink preparato.<\/strong> La valorizzazione e la centralit\u00e0 aromatica del caff\u00e8 saranno oggetto specifico di valutazione tecnica (vedi griglia punteggi).<\/li>\n<\/ul>\n<p><strong>Il caff\u00e8 espresso: <\/strong><\/p>\n<ul>\n<li>L\u2019estrazione dell\u2019espresso sar\u00e0 effettuata dal Brand Ambassador ufficiale Brazilcaf\u00e8 <strong>(solo durante la finale nazionale)<\/strong> al fine di garantire uniformit\u00e0 tecnica, rispetto degli standard qualitativi del brand e parit\u00e0 di condizioni tra tutti i concorrenti. La competizione si concentra sulla capacit\u00e0 di valorizzare l\u2019espresso all\u2019interno della miscelazione e non sulla tecnica di estrazione.<\/li>\n<li>non potr\u00e0 essere modificato nella sua estrazione<\/li>\n<li>dovr\u00e0 essere utilizzato integralmente nella ricetta.<\/li>\n<\/ul>\n<p><strong>Il caff\u00e8 dovr\u00e0 essere ingrediente principale o caratterizzante del drink.<\/strong><\/p>\n<ol start=\"5\">\n<li><strong> UTILIZZO DEGLI ALTRI INGREDIENTI <\/strong><\/li>\n<\/ol>\n<p>Per quanto riguarda gli altri ingredienti nessun limite su spirits, liquori, sciroppi, cordiali, bitter, home made (vale quanto previsto nel regolamento ABI, quindi gli home made o infusi vanno preparati in office sotto controllo di un giudice e valgono 1 ingrediente) \u00c8 fortemente consigliato l\u2019utilizzo dei prodotti degli sponsor ufficiali ABI.<\/p>\n<p><strong>Clausola di sostituzione obbligatoria. <\/strong><\/p>\n<p>Tutti i prodotti utilizzati in ricetta dovranno essere scelti preferibilmente dal paniere sponsor ABI. Qualora venga indicato un prodotto non sponsor ma appartenente alla stessa categoria merceologica di un prodotto presente nel paniere sponsor, la Direzione Tecnica provveder\u00e0 alla sostituzione con il prodotto sponsor equivalente, individuato in base alla categoria e non al singolo profilo aromatico. La sostituzione sar\u00e0 comunicata prima dell\u2019inizio della prova e<strong> non potr\u00e0 essere oggetto di contestazione. <\/strong><\/p>\n<p>Esempio:<\/p>\n<ul>\n<li>Vodka marca X \u2192 sostituita con vodka sponsor ufficiale ABI (es. Bordiga) La direzione tecnica si riserva di verificare e richiedere la sostituzione prima dell\u2019inizio della gara.<\/li>\n<\/ul>\n<ol start=\"6\">\n<li><strong> ATTREZZATURE E PREPARAZIONI <\/strong><\/li>\n<\/ol>\n<ul>\n<li>Il concorrente potr\u00e0 portare preparazioni home made (previa dichiarazione in scheda tecnica, e previa preparazione direttamente in office, come gi\u00e0 citato precedentemente).<\/li>\n<li>Non sono ammesse preparazioni alcoliche gi\u00e0 premiscelate contenenti l\u2019espresso Brazilcaf\u00e8 prima della gara.<\/li>\n<li>L\u2019attrezzatura di gara sar\u00e0 a carico del partecipante, salvo quanto messo a disposizione dall\u2019organizzazione.<\/li>\n<li>Durante le competizioni regionali (e\/o interregionali) i bicchieri saranno a carico del concorrente; nel corso della finale nazionale saranno forniti dallo sponsor.<\/li>\n<\/ul>\n<ol start=\"7\">\n<li><strong> GRIGLIA DI VALUTAZIONE <\/strong><\/li>\n<li><strong> VALUTAZIONE TECNICO \u2013 ORGANOLETTIVA (max 60 pt)<\/strong><\/li>\n<li><strong> Equilibrio gustativo \u2013 20 pt <\/strong><\/li>\n<\/ol>\n<p>&#8211; Bilanciamento dolce\/amaro\/acido<\/p>\n<p>&#8211; Armonia tra parte alcolica e caff\u00e8<\/p>\n<p>&#8211; Persistenza e pulizia gustativa<\/p>\n<p>&#8211; Assenza di difetti<\/p>\n<ol start=\"2\">\n<li><strong> Valorizzazione dell\u2019espresso Brasilcaf\u00e9 \u2013 15 pt <\/strong><\/li>\n<\/ol>\n<p>&#8211; Centralit\u00e0 aromatica dell\u2019espresso<\/p>\n<p>&#8211; Coerenza tra blend e ingredienti scelti<\/p>\n<p>&#8211; Capacit\u00e0 di esaltare le caratteristiche del caff\u00e8<\/p>\n<ol start=\"3\">\n<li><strong> Tecnica di miscelazione \u2013 15 pt <\/strong><\/li>\n<\/ol>\n<p>&#8211; Precisione delle dosi<\/p>\n<p>&#8211; Corretta esecuzione tecnica (shake, stir, build, etc.)<\/p>\n<p>&#8211; Controllo temperatura (coerenza hot\/cold)<\/p>\n<p>&#8211; Professionalit\u00e0 operativa<\/p>\n<ol start=\"4\">\n<li><strong> Coerenza e identit\u00e0 del drink \u2013 10 pt <\/strong><\/li>\n<\/ol>\n<p>&#8211; Logica costruttiva della ricetta<\/p>\n<p>&#8211; Ripetibilit\u00e0 commerciale<\/p>\n<ol>\n<li><strong> VALUTAZIONE ESTETICO \u2013 CREATIVA (max 20 pt)<\/strong><\/li>\n<li><strong> Presentazione e impatto visivo \u2013 10 pt <\/strong><\/li>\n<\/ol>\n<p>&#8211; Cura del servizio<\/p>\n<p>&#8211; Scelta del bicchiere<\/p>\n<p>&#8211; Eleganza e proporzione della garnish<\/p>\n<p>&#8211; Pulizia banco lavoro<\/p>\n<ol start=\"6\">\n<li><strong> Creativit\u00e0 e originalit\u00e0 \u2013 10 pt <\/strong><\/li>\n<\/ol>\n<p>&#8211; Innovazione, Ricerca tecnica, Interpretazione caff\u00e8<\/p>\n<ol>\n<li><strong> STORYTELLING E COMUNICAZIONE (max 10 pt) <\/strong><\/li>\n<li><strong> Presentazione verbale \u2013 10 pt <\/strong><\/li>\n<\/ol>\n<p>&#8211; Chiarezza espositiva e capacit\u00e0 comunicativa<\/p>\n<p>&#8211; Coinvolgimento &#8211; Valorizzazione del brand Brazilcaf\u00e9<\/p>\n<p>&#8211; Rispetto 2 min.<\/p>\n<ol>\n<li><strong> BLIND TEST (SOLO FINALE NAZIONALE) \u2013 (max 10 pt) <\/strong><\/li>\n<li><strong> Blind test espresso \u2013 10 pt<\/strong><\/li>\n<\/ol>\n<p>&#8211; Identificazione corretta espresso estratto secondo standard: 10 punti<\/p>\n<p>&#8211; Risposta errata: 0 punti<\/p>\n<p><strong>Totale massimo 90\/100 punti. <\/strong><\/p>\n<p>(90 punti nelle selezioni regionali\/interregionali \u2013 100 punti in finale nazionale)<\/p>\n<ol start=\"8\">\n<li><strong> PENALITA\u2019 <\/strong><\/li>\n<\/ol>\n<p>Le penalit\u00e0 verranno sottratte dal punteggio finale.<\/p>\n<p><strong>Penalit\u00e0 tempo <\/strong><\/p>\n<ul>\n<li>Superamento tempo gara (oltre 10 min effettivi): \u22122 punti ogni 30 secondi o frazioni<\/li>\n<li>Superamento storytelling (oltre 2 min): \u22121 punto ogni 15 secondi o frazioni<\/li>\n<\/ul>\n<p><strong>Penalit\u00e0 tecniche gravi <\/strong><\/p>\n<ul>\n<li>Mancato utilizzo minimo di 1 espresso (25 ml) per drink: \u2192 Squalifica<\/li>\n<li>Utilizzo caff\u00e8 diverso da Brazilcaf\u00e8: \u2192 Squalifica<\/li>\n<li>Non conformit\u00e0 alla tipologia scelta (hot\/cold): \u2192 Squalifica<\/li>\n<\/ul>\n<p><strong>Penalit\u00e0 ingredienti <\/strong><\/p>\n<ul>\n<li>Uso di prodotto non sponsor sostituibile con prodotto sponsor ABI: \u2192 \u221210 punti per ogni prodotto non sostituito<\/li>\n<li>Mancata dichiarazione ingredienti homemade: \u2192 \u22125 punti<\/li>\n<\/ul>\n<p><strong>Penalit\u00e0 comportamento e ordine <\/strong><\/p>\n<ul>\n<li>Ordine e pulizia della postazione di lavoro: \u2192 fino a \u22123 punti<\/li>\n<li>Comportamento non professionale: \u2192 fino a \u22125 punti<\/li>\n<\/ul>\n<p><strong>In caso di parit\u00e0 <\/strong><\/p>\n<ol>\n<li>Prevale il punteggio pi\u00f9 alto nella \u201cValorizzazione del caff\u00e8\u201d<\/li>\n<li>In ulteriore parit\u00e0, prevale il punteggio \u201cEquilibrio gustativo\u201d<\/li>\n<li>Persistendo la parit\u00e0, decisione finale del Presidente di Giuria<\/li>\n<li><strong> COMPORTAMENTO<\/strong><\/li>\n<\/ol>\n<p>Durante le competizioni i concorrenti dovranno indossare: divisa sociale A.B.I. Professional, abito blu scuro, camicia bianca, cravatta A.B.I., distintivo A.B.I., calze e scarpe nere. Evitare orologi, anelli, braccialetti, piercing e quanto possa essere soggetto a residui non desiderati, sono ammesse le fedi nunziali.<\/p>\n<p>I capelli, se lunghi, vanno legati sia per uomini che per donne e raccolti dietro le spalle. La barba deve essere curata.<\/p>\n<p>Per i non associati, \u00e8 permesso l\u2019abbigliamento del posto di lavoro, salvo che sia decoroso.<\/p>\n<p>Il mancato rispetto di quanto riportato al seguente punto 9 potr\u00e0 comportare delle penalit\u00e0 a discrezione del giudice tecnico, senza possibilit\u00e0 di replica.<\/p>\n<p>In caso di comportamento non etico il concorrente potr\u00e0 essere squalificato.<\/p>\n<p>\u00a0<\/p>\n\n\n<p><\/p>\n","protected":false},"excerpt":{"rendered":"<p>scarica il pdf FINALITA\u2019 DELLA COMPETIZIONE La competizione \u201cBrazilcaf\u00e8 Espresso Revolution \u2013 Il caff\u00e8 da bere\u201d nasce con l\u2019obiettivo di valorizzare il caff\u00e8 espresso come ingrediente nobile e centrale nella&#8230;<\/p>\n","protected":false},"author":2,"featured_media":0,"parent":0,"menu_order":0,"comment_status":"closed","ping_status":"closed","template":"","meta":{"_acf_changed":false,"footnotes":""},"class_list":["post-9307","page","type-page","status-publish","hentry"],"acf":{"post_carousel_cover":""},"yoast_head":"<!-- This site is optimized with the Yoast SEO plugin v26.6 - https:\/\/yoast.com\/wordpress\/plugins\/seo\/ -->\n<title>BRAZILCAFE\u2019 ESPRESSO REVOLUTION -IL CAFFE&#039; DA BERE- A.B.I. Professional - Associazione Barmen Italiani<\/title>\n<meta name=\"robots\" content=\"index, follow, max-snippet:-1, max-image-preview:large, max-video-preview:-1\" \/>\n<link rel=\"canonical\" href=\"https:\/\/www.abiprofessional.it\/index.php\/brazilcafe-espresso-revolution-il-caff-da-bere\/\" \/>\n<meta property=\"og:locale\" content=\"it_IT\" \/>\n<meta property=\"og:type\" content=\"article\" \/>\n<meta property=\"og:title\" content=\"BRAZILCAFE\u2019 ESPRESSO REVOLUTION -IL CAFFE&#039; DA BERE- A.B.I. Professional - Associazione Barmen Italiani\" \/>\n<meta property=\"og:description\" content=\"scarica il pdf FINALITA\u2019 DELLA COMPETIZIONE La competizione \u201cBrazilcaf\u00e8 Espresso Revolution \u2013 Il caff\u00e8 da bere\u201d nasce con l\u2019obiettivo di valorizzare il caff\u00e8 espresso come ingrediente nobile e centrale nella...\" \/>\n<meta property=\"og:url\" content=\"https:\/\/www.abiprofessional.it\/index.php\/brazilcafe-espresso-revolution-il-caff-da-bere\/\" \/>\n<meta property=\"og:site_name\" content=\"A.B.I. Professional - Associazione Barmen Italiani\" \/>\n<meta property=\"article:publisher\" content=\"https:\/\/www.facebook.com\/A.B.I.Professional\" \/>\n<meta property=\"article:modified_time\" content=\"2026-04-12T09:05:23+00:00\" \/>\n<meta property=\"og:image\" content=\"https:\/\/www.abiprofessional.it\/wp-content\/uploads\/2025\/07\/abi_professional_logo.png\" \/>\n\t<meta property=\"og:image:width\" content=\"455\" \/>\n\t<meta property=\"og:image:height\" content=\"540\" \/>\n\t<meta property=\"og:image:type\" content=\"image\/png\" \/>\n<meta name=\"twitter:card\" content=\"summary_large_image\" \/>\n<meta name=\"twitter:site\" content=\"@abiprofessional\" \/>\n<meta name=\"twitter:label1\" content=\"Tempo di lettura stimato\" \/>\n\t<meta name=\"twitter:data1\" content=\"7 minuti\" \/>\n<script type=\"application\/ld+json\" class=\"yoast-schema-graph\">{\"@context\":\"https:\/\/schema.org\",\"@graph\":[{\"@type\":\"WebPage\",\"@id\":\"https:\/\/www.abiprofessional.it\/index.php\/brazilcafe-espresso-revolution-il-caff-da-bere\/\",\"url\":\"https:\/\/www.abiprofessional.it\/index.php\/brazilcafe-espresso-revolution-il-caff-da-bere\/\",\"name\":\"BRAZILCAFE\u2019 ESPRESSO REVOLUTION -IL CAFFE' DA BERE- A.B.I. Professional - Associazione Barmen Italiani\",\"isPartOf\":{\"@id\":\"https:\/\/www.abiprofessional.it\/#website\"},\"datePublished\":\"2026-04-12T09:04:47+00:00\",\"dateModified\":\"2026-04-12T09:05:23+00:00\",\"breadcrumb\":{\"@id\":\"https:\/\/www.abiprofessional.it\/index.php\/brazilcafe-espresso-revolution-il-caff-da-bere\/#breadcrumb\"},\"inLanguage\":\"it-IT\",\"potentialAction\":[{\"@type\":\"ReadAction\",\"target\":[\"https:\/\/www.abiprofessional.it\/index.php\/brazilcafe-espresso-revolution-il-caff-da-bere\/\"]}]},{\"@type\":\"BreadcrumbList\",\"@id\":\"https:\/\/www.abiprofessional.it\/index.php\/brazilcafe-espresso-revolution-il-caff-da-bere\/#breadcrumb\",\"itemListElement\":[{\"@type\":\"ListItem\",\"position\":1,\"name\":\"Home\",\"item\":\"https:\/\/www.abiprofessional.it\/\"},{\"@type\":\"ListItem\",\"position\":2,\"name\":\"BRAZILCAFE\u2019 ESPRESSO REVOLUTION -IL CAFFE&#8217; DA BERE-\"}]},{\"@type\":\"WebSite\",\"@id\":\"https:\/\/www.abiprofessional.it\/#website\",\"url\":\"https:\/\/www.abiprofessional.it\/\",\"name\":\"A.B.I. Professional - Associazione Barmen Italiani\",\"description\":\"Associazione Barmen Italiani - Professionisti del bartending\",\"publisher\":{\"@id\":\"https:\/\/www.abiprofessional.it\/#organization\"},\"alternateName\":\"ABI Professional\",\"potentialAction\":[{\"@type\":\"SearchAction\",\"target\":{\"@type\":\"EntryPoint\",\"urlTemplate\":\"https:\/\/www.abiprofessional.it\/?s={search_term_string}\"},\"query-input\":{\"@type\":\"PropertyValueSpecification\",\"valueRequired\":true,\"valueName\":\"search_term_string\"}}],\"inLanguage\":\"it-IT\"},{\"@type\":\"Organization\",\"@id\":\"https:\/\/www.abiprofessional.it\/#organization\",\"name\":\"A.B.I. Professional - Associazione Barmen Italiani\",\"url\":\"https:\/\/www.abiprofessional.it\/\",\"logo\":{\"@type\":\"ImageObject\",\"inLanguage\":\"it-IT\",\"@id\":\"https:\/\/www.abiprofessional.it\/#\/schema\/logo\/image\/\",\"url\":\"https:\/\/www.abiprofessional.it\/wp-content\/uploads\/2025\/07\/abi_professional_logo.png\",\"contentUrl\":\"https:\/\/www.abiprofessional.it\/wp-content\/uploads\/2025\/07\/abi_professional_logo.png\",\"width\":455,\"height\":540,\"caption\":\"A.B.I. Professional - Associazione Barmen Italiani\"},\"image\":{\"@id\":\"https:\/\/www.abiprofessional.it\/#\/schema\/logo\/image\/\"},\"sameAs\":[\"https:\/\/www.facebook.com\/A.B.I.Professional\",\"https:\/\/x.com\/abiprofessional\",\"https:\/\/www.linkedin.com\/in\/abi-professional-9201a8b3\/\",\"https:\/\/www.youtube.com\/channel\/UC2es0RiCRBVNTtG52_cL9aQ\"]}]}<\/script>\n<!-- \/ Yoast SEO plugin. -->","yoast_head_json":{"title":"BRAZILCAFE\u2019 ESPRESSO REVOLUTION -IL CAFFE' DA BERE- A.B.I. Professional - Associazione Barmen Italiani","robots":{"index":"index","follow":"follow","max-snippet":"max-snippet:-1","max-image-preview":"max-image-preview:large","max-video-preview":"max-video-preview:-1"},"canonical":"https:\/\/www.abiprofessional.it\/index.php\/brazilcafe-espresso-revolution-il-caff-da-bere\/","og_locale":"it_IT","og_type":"article","og_title":"BRAZILCAFE\u2019 ESPRESSO REVOLUTION -IL CAFFE' DA BERE- A.B.I. Professional - Associazione Barmen Italiani","og_description":"scarica il pdf FINALITA\u2019 DELLA COMPETIZIONE La competizione \u201cBrazilcaf\u00e8 Espresso Revolution \u2013 Il caff\u00e8 da bere\u201d nasce con l\u2019obiettivo di valorizzare il caff\u00e8 espresso come ingrediente nobile e centrale nella...","og_url":"https:\/\/www.abiprofessional.it\/index.php\/brazilcafe-espresso-revolution-il-caff-da-bere\/","og_site_name":"A.B.I. Professional - Associazione Barmen Italiani","article_publisher":"https:\/\/www.facebook.com\/A.B.I.Professional","article_modified_time":"2026-04-12T09:05:23+00:00","og_image":[{"width":455,"height":540,"url":"https:\/\/www.abiprofessional.it\/wp-content\/uploads\/2025\/07\/abi_professional_logo.png","type":"image\/png"}],"twitter_card":"summary_large_image","twitter_site":"@abiprofessional","twitter_misc":{"Tempo di lettura stimato":"7 minuti"},"schema":{"@context":"https:\/\/schema.org","@graph":[{"@type":"WebPage","@id":"https:\/\/www.abiprofessional.it\/index.php\/brazilcafe-espresso-revolution-il-caff-da-bere\/","url":"https:\/\/www.abiprofessional.it\/index.php\/brazilcafe-espresso-revolution-il-caff-da-bere\/","name":"BRAZILCAFE\u2019 ESPRESSO REVOLUTION -IL CAFFE' DA BERE- A.B.I. Professional - Associazione Barmen Italiani","isPartOf":{"@id":"https:\/\/www.abiprofessional.it\/#website"},"datePublished":"2026-04-12T09:04:47+00:00","dateModified":"2026-04-12T09:05:23+00:00","breadcrumb":{"@id":"https:\/\/www.abiprofessional.it\/index.php\/brazilcafe-espresso-revolution-il-caff-da-bere\/#breadcrumb"},"inLanguage":"it-IT","potentialAction":[{"@type":"ReadAction","target":["https:\/\/www.abiprofessional.it\/index.php\/brazilcafe-espresso-revolution-il-caff-da-bere\/"]}]},{"@type":"BreadcrumbList","@id":"https:\/\/www.abiprofessional.it\/index.php\/brazilcafe-espresso-revolution-il-caff-da-bere\/#breadcrumb","itemListElement":[{"@type":"ListItem","position":1,"name":"Home","item":"https:\/\/www.abiprofessional.it\/"},{"@type":"ListItem","position":2,"name":"BRAZILCAFE\u2019 ESPRESSO REVOLUTION -IL CAFFE&#8217; DA BERE-"}]},{"@type":"WebSite","@id":"https:\/\/www.abiprofessional.it\/#website","url":"https:\/\/www.abiprofessional.it\/","name":"A.B.I. Professional - Associazione Barmen Italiani","description":"Associazione Barmen Italiani - Professionisti del bartending","publisher":{"@id":"https:\/\/www.abiprofessional.it\/#organization"},"alternateName":"ABI Professional","potentialAction":[{"@type":"SearchAction","target":{"@type":"EntryPoint","urlTemplate":"https:\/\/www.abiprofessional.it\/?s={search_term_string}"},"query-input":{"@type":"PropertyValueSpecification","valueRequired":true,"valueName":"search_term_string"}}],"inLanguage":"it-IT"},{"@type":"Organization","@id":"https:\/\/www.abiprofessional.it\/#organization","name":"A.B.I. Professional - Associazione Barmen Italiani","url":"https:\/\/www.abiprofessional.it\/","logo":{"@type":"ImageObject","inLanguage":"it-IT","@id":"https:\/\/www.abiprofessional.it\/#\/schema\/logo\/image\/","url":"https:\/\/www.abiprofessional.it\/wp-content\/uploads\/2025\/07\/abi_professional_logo.png","contentUrl":"https:\/\/www.abiprofessional.it\/wp-content\/uploads\/2025\/07\/abi_professional_logo.png","width":455,"height":540,"caption":"A.B.I. Professional - Associazione Barmen Italiani"},"image":{"@id":"https:\/\/www.abiprofessional.it\/#\/schema\/logo\/image\/"},"sameAs":["https:\/\/www.facebook.com\/A.B.I.Professional","https:\/\/x.com\/abiprofessional","https:\/\/www.linkedin.com\/in\/abi-professional-9201a8b3\/","https:\/\/www.youtube.com\/channel\/UC2es0RiCRBVNTtG52_cL9aQ"]}]}},"_links":{"self":[{"href":"https:\/\/www.abiprofessional.it\/index.php\/wp-json\/wp\/v2\/pages\/9307","targetHints":{"allow":["GET"]}}],"collection":[{"href":"https:\/\/www.abiprofessional.it\/index.php\/wp-json\/wp\/v2\/pages"}],"about":[{"href":"https:\/\/www.abiprofessional.it\/index.php\/wp-json\/wp\/v2\/types\/page"}],"author":[{"embeddable":true,"href":"https:\/\/www.abiprofessional.it\/index.php\/wp-json\/wp\/v2\/users\/2"}],"replies":[{"embeddable":true,"href":"https:\/\/www.abiprofessional.it\/index.php\/wp-json\/wp\/v2\/comments?post=9307"}],"version-history":[{"count":2,"href":"https:\/\/www.abiprofessional.it\/index.php\/wp-json\/wp\/v2\/pages\/9307\/revisions"}],"predecessor-version":[{"id":9309,"href":"https:\/\/www.abiprofessional.it\/index.php\/wp-json\/wp\/v2\/pages\/9307\/revisions\/9309"}],"wp:attachment":[{"href":"https:\/\/www.abiprofessional.it\/index.php\/wp-json\/wp\/v2\/media?parent=9307"}],"curies":[{"name":"wp","href":"https:\/\/api.w.org\/{rel}","templated":true}]}}