{"id":3665,"date":"2017-04-04T23:13:03","date_gmt":"2017-04-04T21:13:03","guid":{"rendered":"http:\/\/www.abiprofessional.it\/?page_id=3665"},"modified":"2017-04-04T23:13:03","modified_gmt":"2017-04-04T21:13:03","slug":"regolamento-concorso-a-b-i-professional-per-gli-istituti-alberghieri","status":"publish","type":"page","link":"https:\/\/www.abiprofessional.it\/index.php\/regolamento-concorso-a-b-i-professional-per-gli-istituti-alberghieri\/","title":{"rendered":"Regolamento Concorso A.B.I. Professional per gli Istituti Alberghieri"},"content":{"rendered":"<h1>Caratteristiche dei Partecipanti<\/h1>\n<p>Possono concorrere al concorso A.B.I. Professional massimo 5 concorrenti per Istituto Alberghiero che aderisce, i concorrenti dovranno essere alunni dello stesso Istituto. Le preselezioni saranno a cura delle singole scuole.<\/p>\n<ol>\n<li>Il concorrente potr\u00e0 accedere in office 20 minuti prima dell\u2019inizio della sua prova per la preparazione e il sorteggio del drink da preparare.<\/li>\n<li>Il concorrente dovr\u00e0 preparare n. 2 drink della ricetta estratta.<\/li>\n<li>Il concorrente dovr\u00e0 avere conoscenza delle ricette e degli ingredienti utilizzati, dovr\u00e0 quindi relazionare con uno speech ai giudici della giuria.<\/li>\n<li>La giuria assegner\u00e0 i voti per la valutazione complessiva della tecnica di lavoro e capacit\u00e0 relazionale, per la valutazione olfattiva e per quella degustativa.<\/li>\n<li>Il tempo massimo per la preparazione dei drink \u00e8 di 7 minuti.<\/li>\n<li>L\u2019attrezzatura di lavoro necessaria alla preparazione dei cocktail \u00e8 a carico dei singoli istituti, i bicchieri e i prodotti da miscelazione saranno forniti al momento della competizione.<\/li>\n<\/ol>\n<p>I parametri e i punteggi di giudizio saranno i seguenti:<\/p>\n<ol>\n<li>Esecuzione tecnica e capacit\u00e0 relazionale (max. 20 punti).<\/li>\n<li>Degustazione (max. 20 punti).<\/li>\n<\/ol>\n<p>&nbsp;<\/p>\n<h1>Abbigliamento e cura del concorrente<\/h1>\n<p>Durante e dopo la competizione i concorrenti dovranno indossare la divisa dell\u2019Istituto di provenienza. Evitare orologi, anelli, braccialetti, piercing e quanto possa essere soggetto a residui non desiderati. I capelli, se lunghi, vanno legati sia per gli uomini che per le donne. La barba deve essere curata. Il tutto nel rispetto delle norme igienico sanitarie vigenti.<\/p>\n<h2>1.1.1.1 \u00a0\u00a0\u00a0\u00a0\u00a0\u00a0\u00a0 <strong>Giuria <\/strong><\/h2>\n<p>La Giuria sar\u00e0 composta da Barman Nazionali A.B.I. Professional e da persone presenti nel parterre (giornalisti, sommelier, membri di altre Associazioni del comparto turistico alberghiero) nel numero di due persone. La giuria sar\u00e0 posizionata di fronte al tavolo di lavoro dei concorrenti e avr\u00e0 la facolt\u00e0 di interloquire con il concorrente: oltre alla valutazione del gusto e aroma del drink preparato dar\u00e0 una valutazione sulla tecnica e la sulla capacita di interagire. Nel caso di pari merito sar\u00e0 fondamentale la valutazione del gusto. Tuttavia se rimane una valutazione uguale per i concorrenti pari merito si ripeter\u00e0 la prova con un nuovo sorteggio del drink e l\u2019esecuzione dello stesso.<\/p>\n<h3>1.1.1.1.1\u00a0\u00a0\u00a0\u00a0\u00a0\u00a0\u00a0\u00a0\u00a0 \u00a0\u00a0\u00a0\u00a0\u00a0 <strong>Premi <\/strong><\/h3>\n<p>In occasione della competizione A.B.I. Professional premier\u00e0 il primo, il secondo e il terzo classificato.<\/p>\n<p>Tutti i partecipanti riceveranno un attestato di partecipazione.<\/p>\n<p>&nbsp;<\/p>\n","protected":false},"excerpt":{"rendered":"<p>Caratteristiche dei Partecipanti Possono concorrere al concorso A.B.I. Professional massimo 5 concorrenti per Istituto Alberghiero che aderisce, i concorrenti dovranno essere alunni dello stesso Istituto. Le preselezioni saranno a cura&#8230;<\/p>\n","protected":false},"author":1,"featured_media":0,"parent":0,"menu_order":0,"comment_status":"closed","ping_status":"closed","template":"","meta":{"_acf_changed":false,"footnotes":""},"class_list":["post-3665","page","type-page","status-publish","hentry"],"acf":{"post_carousel_cover":null},"yoast_head":"<!-- This site is optimized with the Yoast SEO plugin v26.6 - https:\/\/yoast.com\/wordpress\/plugins\/seo\/ -->\n<title>Regolamento Concorso A.B.I. Professional per gli Istituti Alberghieri - A.B.I. Professional - Associazione Barmen Italiani<\/title>\n<meta name=\"robots\" content=\"index, follow, max-snippet:-1, max-image-preview:large, max-video-preview:-1\" \/>\n<link rel=\"canonical\" href=\"https:\/\/www.abiprofessional.it\/index.php\/regolamento-concorso-a-b-i-professional-per-gli-istituti-alberghieri\/\" \/>\n<meta property=\"og:locale\" content=\"it_IT\" \/>\n<meta property=\"og:type\" content=\"article\" \/>\n<meta property=\"og:title\" content=\"Regolamento Concorso A.B.I. Professional per gli Istituti Alberghieri - A.B.I. Professional - Associazione Barmen Italiani\" \/>\n<meta property=\"og:description\" content=\"Caratteristiche dei Partecipanti Possono concorrere al concorso A.B.I. Professional massimo 5 concorrenti per Istituto Alberghiero che aderisce, i concorrenti dovranno essere alunni dello stesso Istituto. Le preselezioni saranno a cura...\" \/>\n<meta property=\"og:url\" content=\"https:\/\/www.abiprofessional.it\/index.php\/regolamento-concorso-a-b-i-professional-per-gli-istituti-alberghieri\/\" \/>\n<meta property=\"og:site_name\" content=\"A.B.I. Professional - Associazione Barmen Italiani\" \/>\n<meta property=\"article:publisher\" content=\"https:\/\/www.facebook.com\/A.B.I.Professional\" \/>\n<meta property=\"og:image\" content=\"https:\/\/www.abiprofessional.it\/wp-content\/uploads\/2025\/07\/abi_professional_logo.png\" \/>\n\t<meta property=\"og:image:width\" content=\"455\" \/>\n\t<meta property=\"og:image:height\" content=\"540\" \/>\n\t<meta property=\"og:image:type\" content=\"image\/png\" \/>\n<meta name=\"twitter:card\" content=\"summary_large_image\" \/>\n<meta name=\"twitter:site\" content=\"@abiprofessional\" \/>\n<meta name=\"twitter:label1\" content=\"Tempo di lettura stimato\" \/>\n\t<meta name=\"twitter:data1\" content=\"2 minuti\" \/>\n<script type=\"application\/ld+json\" class=\"yoast-schema-graph\">{\"@context\":\"https:\/\/schema.org\",\"@graph\":[{\"@type\":\"WebPage\",\"@id\":\"https:\/\/www.abiprofessional.it\/index.php\/regolamento-concorso-a-b-i-professional-per-gli-istituti-alberghieri\/\",\"url\":\"https:\/\/www.abiprofessional.it\/index.php\/regolamento-concorso-a-b-i-professional-per-gli-istituti-alberghieri\/\",\"name\":\"Regolamento Concorso A.B.I. Professional per gli Istituti Alberghieri - A.B.I. Professional - Associazione Barmen Italiani\",\"isPartOf\":{\"@id\":\"https:\/\/www.abiprofessional.it\/#website\"},\"datePublished\":\"2017-04-04T21:13:03+00:00\",\"breadcrumb\":{\"@id\":\"https:\/\/www.abiprofessional.it\/index.php\/regolamento-concorso-a-b-i-professional-per-gli-istituti-alberghieri\/#breadcrumb\"},\"inLanguage\":\"it-IT\",\"potentialAction\":[{\"@type\":\"ReadAction\",\"target\":[\"https:\/\/www.abiprofessional.it\/index.php\/regolamento-concorso-a-b-i-professional-per-gli-istituti-alberghieri\/\"]}]},{\"@type\":\"BreadcrumbList\",\"@id\":\"https:\/\/www.abiprofessional.it\/index.php\/regolamento-concorso-a-b-i-professional-per-gli-istituti-alberghieri\/#breadcrumb\",\"itemListElement\":[{\"@type\":\"ListItem\",\"position\":1,\"name\":\"Home\",\"item\":\"https:\/\/www.abiprofessional.it\/\"},{\"@type\":\"ListItem\",\"position\":2,\"name\":\"Regolamento Concorso A.B.I. Professional per gli Istituti Alberghieri\"}]},{\"@type\":\"WebSite\",\"@id\":\"https:\/\/www.abiprofessional.it\/#website\",\"url\":\"https:\/\/www.abiprofessional.it\/\",\"name\":\"A.B.I. Professional - Associazione Barmen Italiani\",\"description\":\"Associazione Barmen Italiani - Professionisti del bartending\",\"publisher\":{\"@id\":\"https:\/\/www.abiprofessional.it\/#organization\"},\"alternateName\":\"ABI Professional\",\"potentialAction\":[{\"@type\":\"SearchAction\",\"target\":{\"@type\":\"EntryPoint\",\"urlTemplate\":\"https:\/\/www.abiprofessional.it\/?s={search_term_string}\"},\"query-input\":{\"@type\":\"PropertyValueSpecification\",\"valueRequired\":true,\"valueName\":\"search_term_string\"}}],\"inLanguage\":\"it-IT\"},{\"@type\":\"Organization\",\"@id\":\"https:\/\/www.abiprofessional.it\/#organization\",\"name\":\"A.B.I. Professional - Associazione Barmen Italiani\",\"url\":\"https:\/\/www.abiprofessional.it\/\",\"logo\":{\"@type\":\"ImageObject\",\"inLanguage\":\"it-IT\",\"@id\":\"https:\/\/www.abiprofessional.it\/#\/schema\/logo\/image\/\",\"url\":\"https:\/\/www.abiprofessional.it\/wp-content\/uploads\/2025\/07\/abi_professional_logo.png\",\"contentUrl\":\"https:\/\/www.abiprofessional.it\/wp-content\/uploads\/2025\/07\/abi_professional_logo.png\",\"width\":455,\"height\":540,\"caption\":\"A.B.I. Professional - Associazione Barmen Italiani\"},\"image\":{\"@id\":\"https:\/\/www.abiprofessional.it\/#\/schema\/logo\/image\/\"},\"sameAs\":[\"https:\/\/www.facebook.com\/A.B.I.Professional\",\"https:\/\/x.com\/abiprofessional\",\"https:\/\/www.linkedin.com\/in\/abi-professional-9201a8b3\/\",\"https:\/\/www.youtube.com\/channel\/UC2es0RiCRBVNTtG52_cL9aQ\"]}]}<\/script>\n<!-- \/ Yoast SEO plugin. -->","yoast_head_json":{"title":"Regolamento Concorso A.B.I. Professional per gli Istituti Alberghieri - A.B.I. Professional - Associazione Barmen Italiani","robots":{"index":"index","follow":"follow","max-snippet":"max-snippet:-1","max-image-preview":"max-image-preview:large","max-video-preview":"max-video-preview:-1"},"canonical":"https:\/\/www.abiprofessional.it\/index.php\/regolamento-concorso-a-b-i-professional-per-gli-istituti-alberghieri\/","og_locale":"it_IT","og_type":"article","og_title":"Regolamento Concorso A.B.I. Professional per gli Istituti Alberghieri - A.B.I. Professional - Associazione Barmen Italiani","og_description":"Caratteristiche dei Partecipanti Possono concorrere al concorso A.B.I. Professional massimo 5 concorrenti per Istituto Alberghiero che aderisce, i concorrenti dovranno essere alunni dello stesso Istituto. Le preselezioni saranno a cura...","og_url":"https:\/\/www.abiprofessional.it\/index.php\/regolamento-concorso-a-b-i-professional-per-gli-istituti-alberghieri\/","og_site_name":"A.B.I. Professional - Associazione Barmen Italiani","article_publisher":"https:\/\/www.facebook.com\/A.B.I.Professional","og_image":[{"width":455,"height":540,"url":"https:\/\/www.abiprofessional.it\/wp-content\/uploads\/2025\/07\/abi_professional_logo.png","type":"image\/png"}],"twitter_card":"summary_large_image","twitter_site":"@abiprofessional","twitter_misc":{"Tempo di lettura stimato":"2 minuti"},"schema":{"@context":"https:\/\/schema.org","@graph":[{"@type":"WebPage","@id":"https:\/\/www.abiprofessional.it\/index.php\/regolamento-concorso-a-b-i-professional-per-gli-istituti-alberghieri\/","url":"https:\/\/www.abiprofessional.it\/index.php\/regolamento-concorso-a-b-i-professional-per-gli-istituti-alberghieri\/","name":"Regolamento Concorso A.B.I. Professional per gli Istituti Alberghieri - A.B.I. Professional - Associazione Barmen Italiani","isPartOf":{"@id":"https:\/\/www.abiprofessional.it\/#website"},"datePublished":"2017-04-04T21:13:03+00:00","breadcrumb":{"@id":"https:\/\/www.abiprofessional.it\/index.php\/regolamento-concorso-a-b-i-professional-per-gli-istituti-alberghieri\/#breadcrumb"},"inLanguage":"it-IT","potentialAction":[{"@type":"ReadAction","target":["https:\/\/www.abiprofessional.it\/index.php\/regolamento-concorso-a-b-i-professional-per-gli-istituti-alberghieri\/"]}]},{"@type":"BreadcrumbList","@id":"https:\/\/www.abiprofessional.it\/index.php\/regolamento-concorso-a-b-i-professional-per-gli-istituti-alberghieri\/#breadcrumb","itemListElement":[{"@type":"ListItem","position":1,"name":"Home","item":"https:\/\/www.abiprofessional.it\/"},{"@type":"ListItem","position":2,"name":"Regolamento Concorso A.B.I. Professional per gli Istituti Alberghieri"}]},{"@type":"WebSite","@id":"https:\/\/www.abiprofessional.it\/#website","url":"https:\/\/www.abiprofessional.it\/","name":"A.B.I. Professional - Associazione Barmen Italiani","description":"Associazione Barmen Italiani - Professionisti del bartending","publisher":{"@id":"https:\/\/www.abiprofessional.it\/#organization"},"alternateName":"ABI Professional","potentialAction":[{"@type":"SearchAction","target":{"@type":"EntryPoint","urlTemplate":"https:\/\/www.abiprofessional.it\/?s={search_term_string}"},"query-input":{"@type":"PropertyValueSpecification","valueRequired":true,"valueName":"search_term_string"}}],"inLanguage":"it-IT"},{"@type":"Organization","@id":"https:\/\/www.abiprofessional.it\/#organization","name":"A.B.I. Professional - Associazione Barmen Italiani","url":"https:\/\/www.abiprofessional.it\/","logo":{"@type":"ImageObject","inLanguage":"it-IT","@id":"https:\/\/www.abiprofessional.it\/#\/schema\/logo\/image\/","url":"https:\/\/www.abiprofessional.it\/wp-content\/uploads\/2025\/07\/abi_professional_logo.png","contentUrl":"https:\/\/www.abiprofessional.it\/wp-content\/uploads\/2025\/07\/abi_professional_logo.png","width":455,"height":540,"caption":"A.B.I. Professional - Associazione Barmen Italiani"},"image":{"@id":"https:\/\/www.abiprofessional.it\/#\/schema\/logo\/image\/"},"sameAs":["https:\/\/www.facebook.com\/A.B.I.Professional","https:\/\/x.com\/abiprofessional","https:\/\/www.linkedin.com\/in\/abi-professional-9201a8b3\/","https:\/\/www.youtube.com\/channel\/UC2es0RiCRBVNTtG52_cL9aQ"]}]}},"_links":{"self":[{"href":"https:\/\/www.abiprofessional.it\/index.php\/wp-json\/wp\/v2\/pages\/3665","targetHints":{"allow":["GET"]}}],"collection":[{"href":"https:\/\/www.abiprofessional.it\/index.php\/wp-json\/wp\/v2\/pages"}],"about":[{"href":"https:\/\/www.abiprofessional.it\/index.php\/wp-json\/wp\/v2\/types\/page"}],"author":[{"embeddable":true,"href":"https:\/\/www.abiprofessional.it\/index.php\/wp-json\/wp\/v2\/users\/1"}],"replies":[{"embeddable":true,"href":"https:\/\/www.abiprofessional.it\/index.php\/wp-json\/wp\/v2\/comments?post=3665"}],"version-history":[{"count":0,"href":"https:\/\/www.abiprofessional.it\/index.php\/wp-json\/wp\/v2\/pages\/3665\/revisions"}],"wp:attachment":[{"href":"https:\/\/www.abiprofessional.it\/index.php\/wp-json\/wp\/v2\/media?parent=3665"}],"curies":[{"name":"wp","href":"https:\/\/api.w.org\/{rel}","templated":true}]}}