{"id":1184,"date":"2015-06-03T13:16:12","date_gmt":"2015-06-03T11:16:12","guid":{"rendered":"http:\/\/www.abiprofessional.it\/?page_id=1184"},"modified":"2015-06-03T13:16:12","modified_gmt":"2015-06-03T11:16:12","slug":"cookie-policy","status":"publish","type":"page","link":"https:\/\/www.abiprofessional.it\/index.php\/cookie-policy\/","title":{"rendered":"Informativa e consenso all&#8217;utilizzo dei cookie"},"content":{"rendered":"<p>Vedere anche: <a href=\"https:\/\/www.abiprofessional.it\/privacy\/\">Privacy<\/a><\/p>\n<h2>Cosa sono i cookie?<\/h2>\n<p>I cookie sono piccole porzioni di dati memorizzati sul dispositivo (computer, tablet, smartphone) dell\u2019utente tramite il browser. Ad ogni successiva visita al sito, i cookie memorizzati vengono ritrasmessi ai server da cui sono stati generati.<\/p>\n<h2>A cosa servono i cookie?<\/h2>\n<p>I cookie, a seconda della loro tipologia, possono essere utilizzati per:<\/p>\n<ul>\n<li>memorizzare le preferenze dell\u2019utente e personalizzare automaticamente i contenuti e i servizi del sito ad ogni successivo accesso<\/li>\n<li>memorizzare lo stato di autenticazione dell\u2019utente per facilitare i successivi accessi<\/li>\n<li>ad analizzare il traffico in forma aggregata ed anonima per comprendere quali contenuti siano pi\u00f9 graditi agli utenti e quali meno e a rilevare e correggere eventuali errori di funzionalit\u00e0 del sito<\/li>\n<\/ul>\n<h2>Quali cookie vengono utilizzati su questo sito?<\/h2>\n<p>Durante la navigazione potranno essere memorizzati cookie appartenenti ad una o pi\u00f9 delle seguenti categorie:<\/p>\n<ul>\n<li>cookie tecnici: sono strettamente legati alle funzionalit\u00e0 del sito e sono necessari per la corretta erogazione delle stesse<\/li>\n<li>cookie di funzionalit\u00e0: sono utilizzati per personalizzare le funzionalit\u00e0 del sito in base alla configurazione richiesta dall&#8217;utente<\/li>\n<li>cookie analitici: analizzano il traffico in forma aggregata ed anonima per permetterci di migliorare l\u2019esperienza di navigazione, i contenuti e le funzionalit\u00e0 del sito<\/li>\n<li>cookie di rilevamento di terze parti: servono a monitorare gli accessi al sito tramite link da altri siti, in forma aggregata ed anonima<\/li>\n<li>cookie di terze parti: durante la navigazione di questo sito, \u00e8 possibile che vengano memorizzati cookie di terze parti (non controllabili quindi dai gestori di questo sito). Ci\u00f2 avviene solitamente quando le pagine del sito includono contenuti esterni, quali condivisioni di contenuti ospitati da YouTube, Facebook, LinkedIn e simili<\/li>\n<\/ul>\n<p>Su questo sito non viene effettuata alcuna profilazione degli utenti per studiare gusti ed abitudini di ciascun individuo o il suo comportamento su altri siti.<\/p>\n<h2>E\u2019 possibile disabilitare i cookie?<\/h2>\n<p>S\u00ec, \u00e8 facolt\u00e0 dell\u2019utente disabilitare i cookie. Disattivandoli, tuttavia, alcune funzionalit\u00e0 del sito potrebbero non essere pi\u00f9 disponibili.<\/p>\n<h2>Come posso disattivare e cancellare i cookie?<\/h2>\n<p>Agendo sulle impostazioni del proprio browser come descritto nella documentazione a corredo dello stesso. Riportiamo di seguito i collegamenti alle guide per i browser pi\u00f9 diffusi:<\/p>\n<ul>\n<li><a href=\"http:\/\/support.google.com\/chrome\/answer\/95647?hl=en\">Google Chrome<\/a><\/li>\n<li><a href=\"https:\/\/support.mozilla.org\/en-US\/kb\/enable-and-disable-cookies-website-preferences\">Mozilla Firefox<\/a><\/li>\n<li><a href=\"https:\/\/support.microsoft.com\/it-it\/kb\/196955\">Internet Explorer<\/a><\/li>\n<li><a href=\"https:\/\/support.apple.com\/kb\/PH5042?locale=it_IT\">Safari<\/a><\/li>\n<\/ul>\n<p>I siti <a href=\"http:\/\/www.aboutcookies.org\/\">AboutCookies.org<\/a> e <a href=\"http:\/\/www.allaboutcookies.org\/\">AllAboutCookies.org<\/a> forniscono inoltre guide dettagliate per un gran numero di altri browser.<\/p>\n<h2>Google Analytics<\/h2>\n<p>Questo sito utilizza i servizi di Google Analytics per l\u2019analisi in forma aggregata del traffico. Per disabilitare le funzionalit\u00e0 di Google Analytics senza disabilitare gli altri cookie, consultare questo link: <a href=\"http:\/\/tools.google.com\/dlpage\/gaoptout?hl=en\">http:\/\/tools.google.com\/dlpage\/gaoptout?hl=en<\/a>.<\/p>\n<h2>Dove trovare maggiori informazioni sui cookie?<\/h2>\n<p>Su <a href=\"http:\/\/www.aboutcookies.org\/\">AboutCookies.org<\/a> e <a href=\"http:\/\/www.allaboutcookies.org\/\">AllAboutCookies.org<\/a>.<\/p>\n","protected":false},"excerpt":{"rendered":"<p>Vedere anche: Privacy Cosa sono i cookie? I cookie sono piccole porzioni di dati memorizzati sul dispositivo (computer, tablet, smartphone) dell\u2019utente tramite il browser. Ad ogni successiva visita al sito,&#8230;<\/p>\n","protected":false},"author":1,"featured_media":0,"parent":0,"menu_order":0,"comment_status":"open","ping_status":"open","template":"","meta":{"_acf_changed":false,"footnotes":""},"class_list":["post-1184","page","type-page","status-publish","hentry"],"acf":{"post_carousel_cover":null},"yoast_head":"<!-- This site is optimized with the Yoast SEO plugin v26.6 - https:\/\/yoast.com\/wordpress\/plugins\/seo\/ -->\n<title>Informativa e consenso all&#039;utilizzo dei cookie - A.B.I. Professional - Associazione Barmen Italiani<\/title>\n<meta name=\"robots\" content=\"index, follow, max-snippet:-1, max-image-preview:large, max-video-preview:-1\" \/>\n<link rel=\"canonical\" href=\"https:\/\/www.abiprofessional.it\/index.php\/cookie-policy\/\" \/>\n<meta property=\"og:locale\" content=\"it_IT\" \/>\n<meta property=\"og:type\" content=\"article\" \/>\n<meta property=\"og:title\" content=\"Informativa e consenso all&#039;utilizzo dei cookie - A.B.I. Professional - Associazione Barmen Italiani\" \/>\n<meta property=\"og:description\" content=\"Vedere anche: Privacy Cosa sono i cookie? I cookie sono piccole porzioni di dati memorizzati sul dispositivo (computer, tablet, smartphone) dell\u2019utente tramite il browser. Ad ogni successiva visita al sito,...\" \/>\n<meta property=\"og:url\" content=\"https:\/\/www.abiprofessional.it\/index.php\/cookie-policy\/\" \/>\n<meta property=\"og:site_name\" content=\"A.B.I. Professional - Associazione Barmen Italiani\" \/>\n<meta property=\"article:publisher\" content=\"https:\/\/www.facebook.com\/A.B.I.Professional\" \/>\n<meta property=\"og:image\" content=\"https:\/\/www.abiprofessional.it\/wp-content\/uploads\/2025\/07\/abi_professional_logo.png\" \/>\n\t<meta property=\"og:image:width\" content=\"455\" \/>\n\t<meta property=\"og:image:height\" content=\"540\" \/>\n\t<meta property=\"og:image:type\" content=\"image\/png\" \/>\n<meta name=\"twitter:card\" content=\"summary_large_image\" \/>\n<meta name=\"twitter:site\" content=\"@abiprofessional\" \/>\n<meta name=\"twitter:label1\" content=\"Tempo di lettura stimato\" \/>\n\t<meta name=\"twitter:data1\" content=\"2 minuti\" \/>\n<script type=\"application\/ld+json\" class=\"yoast-schema-graph\">{\"@context\":\"https:\/\/schema.org\",\"@graph\":[{\"@type\":\"WebPage\",\"@id\":\"https:\/\/www.abiprofessional.it\/index.php\/cookie-policy\/\",\"url\":\"https:\/\/www.abiprofessional.it\/index.php\/cookie-policy\/\",\"name\":\"Informativa e consenso all'utilizzo dei cookie - A.B.I. Professional - Associazione Barmen Italiani\",\"isPartOf\":{\"@id\":\"https:\/\/www.abiprofessional.it\/#website\"},\"datePublished\":\"2015-06-03T11:16:12+00:00\",\"breadcrumb\":{\"@id\":\"https:\/\/www.abiprofessional.it\/index.php\/cookie-policy\/#breadcrumb\"},\"inLanguage\":\"it-IT\",\"potentialAction\":[{\"@type\":\"ReadAction\",\"target\":[\"https:\/\/www.abiprofessional.it\/index.php\/cookie-policy\/\"]}]},{\"@type\":\"BreadcrumbList\",\"@id\":\"https:\/\/www.abiprofessional.it\/index.php\/cookie-policy\/#breadcrumb\",\"itemListElement\":[{\"@type\":\"ListItem\",\"position\":1,\"name\":\"Home\",\"item\":\"https:\/\/www.abiprofessional.it\/\"},{\"@type\":\"ListItem\",\"position\":2,\"name\":\"Informativa e consenso all&#8217;utilizzo dei cookie\"}]},{\"@type\":\"WebSite\",\"@id\":\"https:\/\/www.abiprofessional.it\/#website\",\"url\":\"https:\/\/www.abiprofessional.it\/\",\"name\":\"A.B.I. Professional - Associazione Barmen Italiani\",\"description\":\"Associazione Barmen Italiani - Professionisti del bartending\",\"publisher\":{\"@id\":\"https:\/\/www.abiprofessional.it\/#organization\"},\"alternateName\":\"ABI Professional\",\"potentialAction\":[{\"@type\":\"SearchAction\",\"target\":{\"@type\":\"EntryPoint\",\"urlTemplate\":\"https:\/\/www.abiprofessional.it\/?s={search_term_string}\"},\"query-input\":{\"@type\":\"PropertyValueSpecification\",\"valueRequired\":true,\"valueName\":\"search_term_string\"}}],\"inLanguage\":\"it-IT\"},{\"@type\":\"Organization\",\"@id\":\"https:\/\/www.abiprofessional.it\/#organization\",\"name\":\"A.B.I. Professional - Associazione Barmen Italiani\",\"url\":\"https:\/\/www.abiprofessional.it\/\",\"logo\":{\"@type\":\"ImageObject\",\"inLanguage\":\"it-IT\",\"@id\":\"https:\/\/www.abiprofessional.it\/#\/schema\/logo\/image\/\",\"url\":\"https:\/\/www.abiprofessional.it\/wp-content\/uploads\/2025\/07\/abi_professional_logo.png\",\"contentUrl\":\"https:\/\/www.abiprofessional.it\/wp-content\/uploads\/2025\/07\/abi_professional_logo.png\",\"width\":455,\"height\":540,\"caption\":\"A.B.I. Professional - Associazione Barmen Italiani\"},\"image\":{\"@id\":\"https:\/\/www.abiprofessional.it\/#\/schema\/logo\/image\/\"},\"sameAs\":[\"https:\/\/www.facebook.com\/A.B.I.Professional\",\"https:\/\/x.com\/abiprofessional\",\"https:\/\/www.linkedin.com\/in\/abi-professional-9201a8b3\/\",\"https:\/\/www.youtube.com\/channel\/UC2es0RiCRBVNTtG52_cL9aQ\"]}]}<\/script>\n<!-- \/ Yoast SEO plugin. -->","yoast_head_json":{"title":"Informativa e consenso all'utilizzo dei cookie - A.B.I. Professional - Associazione Barmen Italiani","robots":{"index":"index","follow":"follow","max-snippet":"max-snippet:-1","max-image-preview":"max-image-preview:large","max-video-preview":"max-video-preview:-1"},"canonical":"https:\/\/www.abiprofessional.it\/index.php\/cookie-policy\/","og_locale":"it_IT","og_type":"article","og_title":"Informativa e consenso all'utilizzo dei cookie - A.B.I. Professional - Associazione Barmen Italiani","og_description":"Vedere anche: Privacy Cosa sono i cookie? I cookie sono piccole porzioni di dati memorizzati sul dispositivo (computer, tablet, smartphone) dell\u2019utente tramite il browser. Ad ogni successiva visita al sito,...","og_url":"https:\/\/www.abiprofessional.it\/index.php\/cookie-policy\/","og_site_name":"A.B.I. Professional - Associazione Barmen Italiani","article_publisher":"https:\/\/www.facebook.com\/A.B.I.Professional","og_image":[{"width":455,"height":540,"url":"https:\/\/www.abiprofessional.it\/wp-content\/uploads\/2025\/07\/abi_professional_logo.png","type":"image\/png"}],"twitter_card":"summary_large_image","twitter_site":"@abiprofessional","twitter_misc":{"Tempo di lettura stimato":"2 minuti"},"schema":{"@context":"https:\/\/schema.org","@graph":[{"@type":"WebPage","@id":"https:\/\/www.abiprofessional.it\/index.php\/cookie-policy\/","url":"https:\/\/www.abiprofessional.it\/index.php\/cookie-policy\/","name":"Informativa e consenso all'utilizzo dei cookie - A.B.I. Professional - Associazione Barmen Italiani","isPartOf":{"@id":"https:\/\/www.abiprofessional.it\/#website"},"datePublished":"2015-06-03T11:16:12+00:00","breadcrumb":{"@id":"https:\/\/www.abiprofessional.it\/index.php\/cookie-policy\/#breadcrumb"},"inLanguage":"it-IT","potentialAction":[{"@type":"ReadAction","target":["https:\/\/www.abiprofessional.it\/index.php\/cookie-policy\/"]}]},{"@type":"BreadcrumbList","@id":"https:\/\/www.abiprofessional.it\/index.php\/cookie-policy\/#breadcrumb","itemListElement":[{"@type":"ListItem","position":1,"name":"Home","item":"https:\/\/www.abiprofessional.it\/"},{"@type":"ListItem","position":2,"name":"Informativa e consenso all&#8217;utilizzo dei cookie"}]},{"@type":"WebSite","@id":"https:\/\/www.abiprofessional.it\/#website","url":"https:\/\/www.abiprofessional.it\/","name":"A.B.I. Professional - Associazione Barmen Italiani","description":"Associazione Barmen Italiani - Professionisti del bartending","publisher":{"@id":"https:\/\/www.abiprofessional.it\/#organization"},"alternateName":"ABI Professional","potentialAction":[{"@type":"SearchAction","target":{"@type":"EntryPoint","urlTemplate":"https:\/\/www.abiprofessional.it\/?s={search_term_string}"},"query-input":{"@type":"PropertyValueSpecification","valueRequired":true,"valueName":"search_term_string"}}],"inLanguage":"it-IT"},{"@type":"Organization","@id":"https:\/\/www.abiprofessional.it\/#organization","name":"A.B.I. Professional - Associazione Barmen Italiani","url":"https:\/\/www.abiprofessional.it\/","logo":{"@type":"ImageObject","inLanguage":"it-IT","@id":"https:\/\/www.abiprofessional.it\/#\/schema\/logo\/image\/","url":"https:\/\/www.abiprofessional.it\/wp-content\/uploads\/2025\/07\/abi_professional_logo.png","contentUrl":"https:\/\/www.abiprofessional.it\/wp-content\/uploads\/2025\/07\/abi_professional_logo.png","width":455,"height":540,"caption":"A.B.I. Professional - Associazione Barmen Italiani"},"image":{"@id":"https:\/\/www.abiprofessional.it\/#\/schema\/logo\/image\/"},"sameAs":["https:\/\/www.facebook.com\/A.B.I.Professional","https:\/\/x.com\/abiprofessional","https:\/\/www.linkedin.com\/in\/abi-professional-9201a8b3\/","https:\/\/www.youtube.com\/channel\/UC2es0RiCRBVNTtG52_cL9aQ"]}]}},"_links":{"self":[{"href":"https:\/\/www.abiprofessional.it\/index.php\/wp-json\/wp\/v2\/pages\/1184","targetHints":{"allow":["GET"]}}],"collection":[{"href":"https:\/\/www.abiprofessional.it\/index.php\/wp-json\/wp\/v2\/pages"}],"about":[{"href":"https:\/\/www.abiprofessional.it\/index.php\/wp-json\/wp\/v2\/types\/page"}],"author":[{"embeddable":true,"href":"https:\/\/www.abiprofessional.it\/index.php\/wp-json\/wp\/v2\/users\/1"}],"replies":[{"embeddable":true,"href":"https:\/\/www.abiprofessional.it\/index.php\/wp-json\/wp\/v2\/comments?post=1184"}],"version-history":[{"count":0,"href":"https:\/\/www.abiprofessional.it\/index.php\/wp-json\/wp\/v2\/pages\/1184\/revisions"}],"wp:attachment":[{"href":"https:\/\/www.abiprofessional.it\/index.php\/wp-json\/wp\/v2\/media?parent=1184"}],"curies":[{"name":"wp","href":"https:\/\/api.w.org\/{rel}","templated":true}]}}